{"id":220,"date":"2024-06-21T14:30:12","date_gmt":"2024-06-21T18:30:12","guid":{"rendered":"https:\/\/cofregamers.com\/en\/?page_id=220"},"modified":"2025-12-06T16:53:29","modified_gmt":"2025-12-06T21:53:29","slug":"sobre-nosotros","status":"publish","type":"page","link":"https:\/\/cofregamers.com\/en\/sobre-nosotros\/","title":{"rendered":"About Us"},"content":{"rendered":"\n<h1 class=\"wp-block-heading has-text-align-center\">About Us<\/h1>\n\n\n\n<div class=\"wp-block-uagb-image aligncenter uagb-block-072a553d wp-block-uagb-image--layout-default wp-block-uagb-image--effect-static wp-block-uagb-image--align-center\"><figure class=\"wp-block-uagb-image__figure\"><img decoding=\"async\" srcset=\"https:\/\/cofregamers.com\/en\/wp-content\/uploads\/2024\/03\/Cofre-Gamer-Com.webp ,https:\/\/cofregamers.com\/en\/wp-content\/uploads\/2024\/03\/Cofre-Gamer-Com.webp 780w, https:\/\/cofregamers.com\/en\/wp-content\/uploads\/2024\/03\/Cofre-Gamer-Com.webp 360w\" sizes=\"auto, (max-width: 480px) 150px\" src=\"https:\/\/cofregamers.com\/en\/wp-content\/uploads\/2024\/03\/Cofre-Gamer-Com.webp\" alt=\"cofre gamers: La Mejor Fuente de C\u00f3digos Canjeables Gratis para Videojuegos\" class=\"uag-image-163\" width=\"600\" height=\"600\" title=\"cofre gamers - Com\" loading=\"lazy\" role=\"img\"\/><\/figure><\/div>\n\n\n\n<h2 class=\"wp-block-heading\">Who are we?<\/h2>\n\n\n\n<p>Welcome to cofre gamers, the digital sanctuary for gaming enthusiasts looking for free redeemable codes to enrich their gaming experience. We are a team passionate about the gaming world, dedicated to providing our community with access to a variety of exclusive rewards that will transform the way they play.<\/p>\n\n\n\n<h2 class=\"wp-block-heading\">Our Mission Statement<\/h2>\n\n\n\n<p>Our mission is simple: to be the best source of free redeemable codes for video games. We want every gamer, regardless of device or platform, to be able to enjoy their game to the fullest, with all the advantages that promotional codes can offer.<\/p>\n\n\n\n<h2 class=\"wp-block-heading\">What do we offer?<\/h2>\n\n\n\n<p>In cofre gamers, you will find:<\/p>\n\n\n\n<p>An extensive library of redeemable codes, organized by game, platform and reward type.<\/p>\n\n\n\n<p>Detailed instructions on how to successfully redeem your codes and enjoy your in-game rewards.<\/p>\n\n\n\n<p>An up-to-date list of codes for a wide variety of games, including popular and emerging titles.<\/p>\n\n\n\n<p>Step-by-step guides for redeeming codes in different games, such as the popular Genshin Impact.<\/p>\n\n\n\n<h2 class=\"wp-block-heading\">How Do We Keep Updated?<\/h2>\n\n\n\n<p>Our team is constantly on the lookout for new promotional codes. We constantly monitor social networks, specialized forums and developer websites to make sure our database is always up to date with the latest codes available.<\/p>\n\n\n\n<h2 class=\"wp-block-heading\">Commitment to the Community<\/h2>\n\n\n\n<p>At cofre gamers, we value our community and are committed to their satisfaction. We strive to maintain a friendly and accessible space where gamers can easily find what they are looking for and share their experiences and achievements.<\/p>\n\n\n\n<h2 class=\"wp-block-heading\">Join the Adventure<\/h2>\n\n\n\n<p>If you&#8217;re a digital treasure hunter looking for redeemable codes, cofre gamers is your destination. Explore our website, discover the latest codes and dive into new adventures with rewards waiting for you &#8211; don&#8217;t miss the chance to take your game to the next level!<\/p>\n\n\n\n<h2 class=\"wp-block-heading\">Contact us<\/h2>\n\n\n\n<p>Do you have questions, suggestions or want to collaborate with us? Don&#8217;t hesitate to contact us. We are here to support you and make your experience at cofre gamers the best possible, thank you for choosing us and being part of our gaming community! <a href=\"https:\/\/cofregamers.com\/en\/contacto\/\" data-type=\"page\" data-id=\"222\">CONTACT<\/a><\/p>\n\n\n\n<div style=\"height:100px\" aria-hidden=\"true\" class=\"wp-block-spacer\"><\/div>\n\n\n\n\t\t\t<div class=\"wp-block-uagb-post-grid uagb-post-grid  uagb-post__image-position-top uagb-post__image-enabled uagb-block-14ad363c     uagb-post__items uagb-post__columns-3 is-grid uagb-post__columns-tablet-2 uagb-post__columns-mobile-1 uagb-post__equal-height uagb-equal_height_inline-read-more-buttons\" data-total=\"24\" style=\"\">\n\n\t\t\t\t\t\t\t\t\t\t\t\t<article class=\"uagb-post__inner-wrap\">\t\t\t\t\t\t\t\t<div class='uagb-post__image'>\n\t\t\t\t\t\t\t\t\t<a href=\"https:\/\/cofregamers.com\/en\/love-nikki-redeem-code-list\/\" target=\"_self\" rel=\"bookmark noopener noreferrer\" class='uagb-image-ratio-2-3'><img decoding=\"async\" width=\"800\" height=\"450\" src=\"https:\/\/cofregamers.com\/en\/wp-content\/uploads\/sites\/2\/2024\/04\/Conquista-el-Mundo-de-la-Moda-en-Love-Nikki-con-Codigos-de-Regalo.webp\" class=\"attachment-large size-large\" alt=\"Elevate Your Style with Love Nikki Gift Codes\" srcset=\"https:\/\/cofregamers.com\/en\/wp-content\/uploads\/sites\/2\/2024\/04\/Conquista-el-Mundo-de-la-Moda-en-Love-Nikki-con-Codigos-de-Regalo.webp 800w, https:\/\/cofregamers.com\/en\/wp-content\/uploads\/sites\/2\/2024\/04\/Conquista-el-Mundo-de-la-Moda-en-Love-Nikki-con-Codigos-de-Regalo-300x169.webp 300w, https:\/\/cofregamers.com\/en\/wp-content\/uploads\/sites\/2\/2024\/04\/Conquista-el-Mundo-de-la-Moda-en-Love-Nikki-con-Codigos-de-Regalo-768x432.webp 768w\" sizes=\"(max-width: 800px) 100vw, 800px\" \/>\t\t\t\t\t<\/a>\n\t\t\t\t\t\t\t<\/div>\n\t\t\t\t\t\t<h3 class=\"uagb-post__title uagb-post__text\">\n\t\t\t\t<a href=\"https:\/\/cofregamers.com\/en\/love-nikki-redeem-code-list\/\" target=\"_self\" rel=\"bookmark noopener noreferrer\">Unlock the Latest Gift Codes for Love Nikki \u2013 Redeem Your Exclusive Rewards Now!<\/a>\n\t\t\t<\/h3>\n\t\t\t\t\t\t<div class='uagb-post__text uagb-post-grid-byline'>\n\t\t\t\t\t\t\t<\/div>\n\t\t\t\t\t\t<div class=\"uagb-post__text uagb-post__cta wp-block-button\">\n\t\t\t\t<a class=\"wp-block-button__link uagb-text-link\" style=\"\" href=\"https:\/\/cofregamers.com\/en\/love-nikki-redeem-code-list\/\" target=\"_self\" rel=\"bookmark noopener noreferrer\">Read More<\/a>\n\t\t\t<\/div>\n\t\t\t\n\t\t\t\t\t\t\t\t\t<\/article>\n\t\t\t\t\t\t\t\t\t\t\t\t\t\t\t\t<article class=\"uagb-post__inner-wrap\">\t\t\t\t\t\t\t\t<div class='uagb-post__image'>\n\t\t\t\t\t\t\t\t\t<a href=\"https:\/\/cofregamers.com\/en\/last-war-survival-game-redeem-code-list\/\" target=\"_self\" rel=\"bookmark noopener noreferrer\" class='uagb-image-ratio-2-3'><img decoding=\"async\" width=\"800\" height=\"450\" src=\"https:\/\/cofregamers.com\/en\/wp-content\/uploads\/sites\/2\/2024\/04\/Codigos-Last-War_-Survival-Game.webp\" class=\"attachment-large size-large\" alt=\"Last War: Survival Game Codes \u2013 How to Redeem and Maximize Your Rewards\" srcset=\"https:\/\/cofregamers.com\/en\/wp-content\/uploads\/sites\/2\/2024\/04\/Codigos-Last-War_-Survival-Game.webp 800w, https:\/\/cofregamers.com\/en\/wp-content\/uploads\/sites\/2\/2024\/04\/Codigos-Last-War_-Survival-Game-300x169.webp 300w, https:\/\/cofregamers.com\/en\/wp-content\/uploads\/sites\/2\/2024\/04\/Codigos-Last-War_-Survival-Game-768x432.webp 768w\" sizes=\"(max-width: 800px) 100vw, 800px\" \/>\t\t\t\t\t<\/a>\n\t\t\t\t\t\t\t<\/div>\n\t\t\t\t\t\t<h3 class=\"uagb-post__title uagb-post__text\">\n\t\t\t\t<a href=\"https:\/\/cofregamers.com\/en\/last-war-survival-game-redeem-code-list\/\" target=\"_self\" rel=\"bookmark noopener noreferrer\">Boost Your Chances with Last War Survival Gift Codes<\/a>\n\t\t\t<\/h3>\n\t\t\t\t\t\t<div class='uagb-post__text uagb-post-grid-byline'>\n\t\t\t\t\t\t\t<\/div>\n\t\t\t\t\t\t<div class=\"uagb-post__text uagb-post__cta wp-block-button\">\n\t\t\t\t<a class=\"wp-block-button__link uagb-text-link\" style=\"\" href=\"https:\/\/cofregamers.com\/en\/last-war-survival-game-redeem-code-list\/\" target=\"_self\" rel=\"bookmark noopener noreferrer\">Read More<\/a>\n\t\t\t<\/div>\n\t\t\t\n\t\t\t\t\t\t\t\t\t<\/article>\n\t\t\t\t\t\t\t\t\t\t\t\t\t\t\t\t<article class=\"uagb-post__inner-wrap\">\t\t\t\t\t\t\t\t<div class='uagb-post__image'>\n\t\t\t\t\t\t\t\t\t<a href=\"https:\/\/cofregamers.com\/en\/call-of-dragons-redeem-code-list\/\" target=\"_self\" rel=\"bookmark noopener noreferrer\" class='uagb-image-ratio-2-3'><img decoding=\"async\" width=\"1024\" height=\"576\" src=\"https:\/\/cofregamers.com\/en\/wp-content\/uploads\/sites\/2\/2024\/03\/Guia-Completa-de-Call-of-Dragons-6-1024x576.webp\" class=\"attachment-large size-large\" alt=\"Unlock Exclusive Rewards with the Latest Call of Dragons Gift Codes!\" srcset=\"https:\/\/cofregamers.com\/en\/wp-content\/uploads\/sites\/2\/2024\/03\/Guia-Completa-de-Call-of-Dragons-6-1024x576.webp 1024w, https:\/\/cofregamers.com\/en\/wp-content\/uploads\/sites\/2\/2024\/03\/Guia-Completa-de-Call-of-Dragons-6-300x169.webp 300w, https:\/\/cofregamers.com\/en\/wp-content\/uploads\/sites\/2\/2024\/03\/Guia-Completa-de-Call-of-Dragons-6-768x432.webp 768w, https:\/\/cofregamers.com\/en\/wp-content\/uploads\/sites\/2\/2024\/03\/Guia-Completa-de-Call-of-Dragons-6-1536x864.webp 1536w, https:\/\/cofregamers.com\/en\/wp-content\/uploads\/sites\/2\/2024\/03\/Guia-Completa-de-Call-of-Dragons-6.webp 1920w\" sizes=\"(max-width: 1024px) 100vw, 1024px\" \/>\t\t\t\t\t<\/a>\n\t\t\t\t\t\t\t<\/div>\n\t\t\t\t\t\t<h3 class=\"uagb-post__title uagb-post__text\">\n\t\t\t\t<a href=\"https:\/\/cofregamers.com\/en\/call-of-dragons-redeem-code-list\/\" target=\"_self\" rel=\"bookmark noopener noreferrer\">Unlock Exclusive Rewards with the Latest Call of Dragons Gift Codes!<\/a>\n\t\t\t<\/h3>\n\t\t\t\t\t\t<div class='uagb-post__text uagb-post-grid-byline'>\n\t\t\t\t\t\t\t<\/div>\n\t\t\t\t\t\t<div class=\"uagb-post__text uagb-post__cta wp-block-button\">\n\t\t\t\t<a class=\"wp-block-button__link uagb-text-link\" style=\"\" href=\"https:\/\/cofregamers.com\/en\/call-of-dragons-redeem-code-list\/\" target=\"_self\" rel=\"bookmark noopener noreferrer\">Read More<\/a>\n\t\t\t<\/div>\n\t\t\t\n\t\t\t\t\t\t\t\t\t<\/article>\n\t\t\t\t\t\t\t\t\t\t\t\t\t\t\t\t<article class=\"uagb-post__inner-wrap\">\t\t\t\t\t\t\t\t<div class='uagb-post__image'>\n\t\t\t\t\t\t\t\t\t<a href=\"https:\/\/cofregamers.com\/en\/asphalt-asphalt-legends-list-of-all-new-codes\/\" target=\"_self\" rel=\"bookmark noopener noreferrer\" class='uagb-image-ratio-2-3'><img decoding=\"async\" width=\"800\" height=\"450\" src=\"https:\/\/cofregamers.com\/en\/wp-content\/uploads\/sites\/2\/2024\/03\/Domina-las-pistas-de-Asphalt-9-con-Codigos-Canjeables.webp\" class=\"attachment-large size-large\" alt=\"Desbloquea coches exclusivos y obt\u00e9n mejoras \u00e9picas en Asphalt 9 con los c\u00f3digos canjeables m\u00e1s recientes de cofregamers.com.\" srcset=\"https:\/\/cofregamers.com\/en\/wp-content\/uploads\/sites\/2\/2024\/03\/Domina-las-pistas-de-Asphalt-9-con-Codigos-Canjeables.webp 800w, https:\/\/cofregamers.com\/en\/wp-content\/uploads\/sites\/2\/2024\/03\/Domina-las-pistas-de-Asphalt-9-con-Codigos-Canjeables-300x169.webp 300w, https:\/\/cofregamers.com\/en\/wp-content\/uploads\/sites\/2\/2024\/03\/Domina-las-pistas-de-Asphalt-9-con-Codigos-Canjeables-768x432.webp 768w\" sizes=\"(max-width: 800px) 100vw, 800px\" \/>\t\t\t\t\t<\/a>\n\t\t\t\t\t\t\t<\/div>\n\t\t\t\t\t\t<h3 class=\"uagb-post__title uagb-post__text\">\n\t\t\t\t<a href=\"https:\/\/cofregamers.com\/en\/asphalt-asphalt-legends-list-of-all-new-codes\/\" target=\"_self\" rel=\"bookmark noopener noreferrer\">Unlock Exclusive Rewards with the Latest Asphalt 9 Legends Unite Gift Codes!<\/a>\n\t\t\t<\/h3>\n\t\t\t\t\t\t<div class='uagb-post__text uagb-post-grid-byline'>\n\t\t\t\t\t\t\t<\/div>\n\t\t\t\t\t\t<div class=\"uagb-post__text uagb-post__cta wp-block-button\">\n\t\t\t\t<a class=\"wp-block-button__link uagb-text-link\" style=\"\" href=\"https:\/\/cofregamers.com\/en\/asphalt-asphalt-legends-list-of-all-new-codes\/\" target=\"_self\" rel=\"bookmark noopener noreferrer\">Read More<\/a>\n\t\t\t<\/div>\n\t\t\t\n\t\t\t\t\t\t\t\t\t<\/article>\n\t\t\t\t\t\t\t\t\t\t\t\t\t\t\t\t<article class=\"uagb-post__inner-wrap\">\t\t\t\t\t\t\t\t<div class='uagb-post__image'>\n\t\t\t\t\t\t\t\t\t<a href=\"https:\/\/cofregamers.com\/en\/warhammer-40000-tacticus-redeem-code-list\/\" target=\"_self\" rel=\"bookmark noopener noreferrer\" class='uagb-image-ratio-2-3'><img decoding=\"async\" width=\"800\" height=\"500\" src=\"https:\/\/cofregamers.com\/en\/wp-content\/uploads\/sites\/2\/2024\/03\/Codigos-para-Warhammer-40000-Tacticus-1.webp\" class=\"attachment-large size-large\" alt=\"C\u00f3digos Exclusivos para\u00a0Warhammer 40,000: Tacticus: Tu Arsenal\u00a0para la Victoria\" srcset=\"https:\/\/cofregamers.com\/en\/wp-content\/uploads\/sites\/2\/2024\/03\/Codigos-para-Warhammer-40000-Tacticus-1.webp 800w, https:\/\/cofregamers.com\/en\/wp-content\/uploads\/sites\/2\/2024\/03\/Codigos-para-Warhammer-40000-Tacticus-1-300x188.webp 300w, https:\/\/cofregamers.com\/en\/wp-content\/uploads\/sites\/2\/2024\/03\/Codigos-para-Warhammer-40000-Tacticus-1-768x480.webp 768w\" sizes=\"(max-width: 800px) 100vw, 800px\" \/>\t\t\t\t\t<\/a>\n\t\t\t\t\t\t\t<\/div>\n\t\t\t\t\t\t<h3 class=\"uagb-post__title uagb-post__text\">\n\t\t\t\t<a href=\"https:\/\/cofregamers.com\/en\/warhammer-40000-tacticus-redeem-code-list\/\" target=\"_self\" rel=\"bookmark noopener noreferrer\">Warhammer 40K: Tacticus Codes \u2014 How to Redeem &amp; Make Them Count<\/a>\n\t\t\t<\/h3>\n\t\t\t\t\t\t<div class='uagb-post__text uagb-post-grid-byline'>\n\t\t\t\t\t\t\t<\/div>\n\t\t\t\t\t\t<div class=\"uagb-post__text uagb-post__cta wp-block-button\">\n\t\t\t\t<a class=\"wp-block-button__link uagb-text-link\" style=\"\" href=\"https:\/\/cofregamers.com\/en\/warhammer-40000-tacticus-redeem-code-list\/\" target=\"_self\" rel=\"bookmark noopener noreferrer\">Read More<\/a>\n\t\t\t<\/div>\n\t\t\t\n\t\t\t\t\t\t\t\t\t<\/article>\n\t\t\t\t\t\t\t\t\t\t\t\t\t\t\t\t<article class=\"uagb-post__inner-wrap\">\t\t\t\t\t\t\t\t<div class='uagb-post__image'>\n\t\t\t\t\t\t\t\t\t<a href=\"https:\/\/cofregamers.com\/en\/skip-bo-mobile-redeem-code-list\/\" target=\"_self\" rel=\"bookmark noopener noreferrer\" class='uagb-image-ratio-2-3'><img decoding=\"async\" width=\"800\" height=\"450\" src=\"https:\/\/cofregamers.com\/en\/wp-content\/uploads\/sites\/2\/2024\/04\/Consigue-Ventajas-Unicas-en-Skip-Bo-Movil-con-Nuestros-Codigos-de-Regalo.webp\" class=\"attachment-large size-large\" alt=\"Unlock Your Next Skip-Bo Adventure with These New Gift Codes\" srcset=\"https:\/\/cofregamers.com\/en\/wp-content\/uploads\/sites\/2\/2024\/04\/Consigue-Ventajas-Unicas-en-Skip-Bo-Movil-con-Nuestros-Codigos-de-Regalo.webp 800w, https:\/\/cofregamers.com\/en\/wp-content\/uploads\/sites\/2\/2024\/04\/Consigue-Ventajas-Unicas-en-Skip-Bo-Movil-con-Nuestros-Codigos-de-Regalo-300x169.webp 300w, https:\/\/cofregamers.com\/en\/wp-content\/uploads\/sites\/2\/2024\/04\/Consigue-Ventajas-Unicas-en-Skip-Bo-Movil-con-Nuestros-Codigos-de-Regalo-768x432.webp 768w\" sizes=\"(max-width: 800px) 100vw, 800px\" \/>\t\t\t\t\t<\/a>\n\t\t\t\t\t\t\t<\/div>\n\t\t\t\t\t\t<h3 class=\"uagb-post__title uagb-post__text\">\n\t\t\t\t<a href=\"https:\/\/cofregamers.com\/en\/skip-bo-mobile-redeem-code-list\/\" target=\"_self\" rel=\"bookmark noopener noreferrer\">Skip-Bo Mobile Codes \u2014 A Clean, No-Stress Redeem Guide<\/a>\n\t\t\t<\/h3>\n\t\t\t\t\t\t<div class='uagb-post__text uagb-post-grid-byline'>\n\t\t\t\t\t\t\t<\/div>\n\t\t\t\t\t\t<div class=\"uagb-post__text uagb-post__cta wp-block-button\">\n\t\t\t\t<a class=\"wp-block-button__link uagb-text-link\" style=\"\" href=\"https:\/\/cofregamers.com\/en\/skip-bo-mobile-redeem-code-list\/\" target=\"_self\" rel=\"bookmark noopener noreferrer\">Read More<\/a>\n\t\t\t<\/div>\n\t\t\t\n\t\t\t\t\t\t\t\t\t<\/article>\n\t\t\t\t\t\t\t\t\t\t\t<\/div>\n\t\t\t","protected":false},"excerpt":{"rendered":"<p>About Us Who are we? Welcome to cofre gamers, the digital sanctuary for gaming enthusiasts looking for free redeemable codes [&hellip;]<\/p>\n","protected":false},"author":1,"featured_media":0,"parent":0,"menu_order":0,"comment_status":"closed","ping_status":"closed","template":"","meta":{"_uag_custom_page_level_css":"","site-sidebar-layout":"default","site-content-layout":"","ast-site-content-layout":"default","site-content-style":"default","site-sidebar-style":"default","ast-global-header-display":"","ast-banner-title-visibility":"","ast-main-header-display":"","ast-hfb-above-header-display":"","ast-hfb-below-header-display":"","ast-hfb-mobile-header-display":"","site-post-title":"disabled","ast-breadcrumbs-content":"","ast-featured-img":"","footer-sml-layout":"","ast-disable-related-posts":"","theme-transparent-header-meta":"","adv-header-id-meta":"","stick-header-meta":"","header-above-stick-meta":"","header-main-stick-meta":"","header-below-stick-meta":"","astra-migrate-meta-layouts":"default","ast-page-background-enabled":"default","ast-page-background-meta":{"desktop":{"background-color":"var(--ast-global-color-4)","background-image":"","background-repeat":"repeat","background-position":"center center","background-size":"auto","background-attachment":"scroll","background-type":"","background-media":"","overlay-type":"","overlay-color":"","overlay-opacity":"","overlay-gradient":""},"tablet":{"background-color":"","background-image":"","background-repeat":"repeat","background-position":"center center","background-size":"auto","background-attachment":"scroll","background-type":"","background-media":"","overlay-type":"","overlay-color":"","overlay-opacity":"","overlay-gradient":""},"mobile":{"background-color":"","background-image":"","background-repeat":"repeat","background-position":"center center","background-size":"auto","background-attachment":"scroll","background-type":"","background-media":"","overlay-type":"","overlay-color":"","overlay-opacity":"","overlay-gradient":""}},"ast-content-background-meta":{"desktop":{"background-color":"var(--ast-global-color-5)","background-image":"","background-repeat":"repeat","background-position":"center center","background-size":"auto","background-attachment":"scroll","background-type":"","background-media":"","overlay-type":"","overlay-color":"","overlay-opacity":"","overlay-gradient":""},"tablet":{"background-color":"var(--ast-global-color-5)","background-image":"","background-repeat":"repeat","background-position":"center center","background-size":"auto","background-attachment":"scroll","background-type":"","background-media":"","overlay-type":"","overlay-color":"","overlay-opacity":"","overlay-gradient":""},"mobile":{"background-color":"var(--ast-global-color-5)","background-image":"","background-repeat":"repeat","background-position":"center center","background-size":"auto","background-attachment":"scroll","background-type":"","background-media":"","overlay-type":"","overlay-color":"","overlay-opacity":"","overlay-gradient":""}},"footnotes":""},"class_list":["post-220","page","type-page","status-publish","hentry"],"uagb_featured_image_src":{"full":false,"thumbnail":false,"medium":false,"medium_large":false,"large":false,"1536x1536":false,"2048x2048":false},"uagb_author_info":{"display_name":"amolanovbtc@gmail.com","author_link":"https:\/\/cofregamers.com\/en\/author\/amolanovbtcgmail-com\/"},"uagb_comment_info":0,"uagb_excerpt":"About Us Who are we? Welcome to cofre gamers, the digital sanctuary for gaming enthusiasts looking for free redeemable codes [&hellip;]","_links":{"self":[{"href":"https:\/\/cofregamers.com\/en\/wp-json\/wp\/v2\/pages\/220","targetHints":{"allow":["GET"]}}],"collection":[{"href":"https:\/\/cofregamers.com\/en\/wp-json\/wp\/v2\/pages"}],"about":[{"href":"https:\/\/cofregamers.com\/en\/wp-json\/wp\/v2\/types\/page"}],"author":[{"embeddable":true,"href":"https:\/\/cofregamers.com\/en\/wp-json\/wp\/v2\/users\/1"}],"replies":[{"embeddable":true,"href":"https:\/\/cofregamers.com\/en\/wp-json\/wp\/v2\/comments?post=220"}],"version-history":[{"count":0,"href":"https:\/\/cofregamers.com\/en\/wp-json\/wp\/v2\/pages\/220\/revisions"}],"wp:attachment":[{"href":"https:\/\/cofregamers.com\/en\/wp-json\/wp\/v2\/media?parent=220"}],"curies":[{"name":"wp","href":"https:\/\/api.w.org\/{rel}","templated":true}]}}