{"id":222,"date":"2024-06-21T14:30:04","date_gmt":"2024-06-21T18:30:04","guid":{"rendered":"https:\/\/cofregamers.com\/fr\/?page_id=222"},"modified":"2025-09-26T09:32:17","modified_gmt":"2025-09-26T07:32:17","slug":"contacto","status":"publish","type":"page","link":"https:\/\/cofregamers.com\/fr\/contacto\/","title":{"rendered":"contacter"},"content":{"rendered":"\n<h1 class=\"wp-block-heading\">Nous sommes \u00e0 votre \u00e9coute<\/h1>\n\n\n\n<p>Chez <strong>cofre gamers<\/strong>, votre exp\u00e9rience passe avant tout. Vous avez une question, une remarque ou une id\u00e9e \u00e0 partager ? Notre \u00e9quipe est l\u00e0 pour vous \u00e9couter et vous accompagner. Nous mettons tout en \u0153uvre pour vous offrir le meilleur service et faire en sorte que votre recherche de codes \u00e0 utiliser soit toujours simple, efficace et avantageuse.<\/p>\n\n\n\n<h2 class=\"wp-block-heading\">Comment nous contacter ?<\/h2>\n\n\n\n<p>Vous pouvez nous joindre de plusieurs fa\u00e7ons :<\/p>\n\n\n\n<h3 class=\"wp-block-heading\">\ud83d\udce9 Formulaire de contact<\/h3>\n\n\n\n<p>Remplissez directement notre formulaire en ligne avec vos coordonn\u00e9es et votre message. Nous vous r\u00e9pondrons dans les plus brefs d\u00e9lais.<\/p>\n\n\n\n<div class=\"wp-block-uagb-forms uagb-forms__outer-wrap uagb-block-1372a905 uagb-forms__medium-btn\"><form class=\"uagb-forms-main-form\" method=\"post\" autocomplete=\"on\" name=\"uagb-form-1372a905\">\n<div class=\"wp-block-uagb-forms-name uagb-forms-name-wrap uagb-forms-field-set uagb-block-4b6556c9\"><div class=\"uagb-forms-name-label required uagb-forms-input-label\" id=\"4b6556c9\">First Name<\/div><input type=\"text\" placeholder=\"John\" required class=\"uagb-forms-name-input uagb-forms-input\" name=\"4b6556c9\" autocomplete=\"given-name\"\/><\/div>\n\n\n\n<div class=\"wp-block-uagb-forms-name uagb-forms-name-wrap uagb-forms-field-set uagb-block-94bc1a53\"><div class=\"uagb-forms-name-label required uagb-forms-input-label\" id=\"94bc1a53\">Last Name<\/div><input type=\"text\" placeholder=\"Doe\" required class=\"uagb-forms-name-input uagb-forms-input\" name=\"94bc1a53\" autocomplete=\"family-name\"\/><\/div>\n\n\n\n<div class=\"wp-block-uagb-forms-email uagb-forms-email-wrap uagb-forms-field-set uagb-block-b0e06d58\"><div class=\"uagb-forms-email-label  uagb-forms-input-label\" id=\"b0e06d58\">Email<\/div><input type=\"email\" class=\"uagb-forms-email-input uagb-forms-input\" placeholder=\"example@mail.com\" name=\"b0e06d58\" autocomplete=\"email\"\/><\/div>\n\n\n\n<div class=\"wp-block-uagb-forms-textarea uagb-forms-textarea-wrap uagb-forms-field-set uagb-block-56680341\"><div class=\"uagb-forms-textarea-label required uagb-forms-input-label\" id=\"56680341\">Message<\/div><textarea required class=\"uagb-forms-textarea-input uagb-forms-input\" rows=\"4\" placeholder=\"Enter your message\" name=\"56680341\" autocomplete=\"off\"><\/textarea><\/div>\n<div class=\"uagb-forms-form-hidden-data\"><input type=\"hidden\" class=\"uagb_forms_form_label\" value=\"Spectra Form\"\/><input type=\"hidden\" class=\"uagb_forms_form_id\" value=\"uagb-form-1372a905\"\/><\/div><div class=\"uagb-form-reacaptcha-error-1372a905\"><\/div><div class=\"uagb-forms-main-submit-button-wrap wp-block-button\"><button class=\"uagb-forms-main-submit-button wp-block-button__link\"><div class=\"uagb-forms-main-submit-button-text\">Submit<\/div><\/button><\/div><\/form><div class=\"uagb-forms-success-message-1372a905 uagb-forms-submit-message-hide\"><span>The form has been submitted successfully!<\/span><\/div><div class=\"uagb-forms-failed-message-1372a905 uagb-forms-submit-message-hide\"><span>There has been some error while submitting the form. Please verify all form fields again.<\/span><\/div><\/div>\n\n\n\n<h2 class=\"wp-block-heading\">\ud83d\udce7 Adresse e-mail<\/h2>\n\n\n\n<p>Si vous pr\u00e9f\u00e9rez nous \u00e9crire directement, envoyez un message \u00e0 : <strong><a>contacto@cofregamers.com<\/a><\/strong>. N\u2019oubliez pas d\u2019indiquer toutes les informations utiles afin que nous puissions vous r\u00e9pondre rapidement et efficacement.<\/p>\n\n\n\n<h3 class=\"wp-block-heading\">\ud83c\udf10 R\u00e9seaux sociaux<\/h3>\n\n\n\n<p>Rejoignez-nous et contactez-nous sur nos r\u00e9seaux sociaux. Nous sommes actifs et toujours pr\u00eats \u00e0 \u00e9changer avec vous :<\/p>\n\n\n\n<ul class=\"wp-block-list\">\n<li><strong>Facebook<\/strong> : CofreGamerFB<\/li>\n\n\n\n<li><strong>Twitter\/X<\/strong> : @CofreGamerTW<\/li>\n\n\n\n<li><strong>Instagram<\/strong> : @CofreGamerIG<\/li>\n<\/ul>\n\n\n\n<h3 class=\"wp-block-heading\">\ud83e\udd1d Partenariats &amp; Publicit\u00e9<\/h3>\n\n\n\n<p>Envie de collaborer avec nous ou d\u2019explorer des opportunit\u00e9s publicitaires avec cofre gamers ? Pour toute proposition professionnelle ou partenariat, contactez directement notre \u00e9quipe marketing : <strong><a>marketing@cofregamers.com<\/a><\/strong>.<\/p>\n\n\n\n<h3 class=\"wp-block-heading\">\ud83d\udcac Vos retours<\/h3>\n\n\n\n<p>Votre avis compte pour nous. Si vous avez des suggestions pour am\u00e9liorer notre site ou nos services, partagez-les sans h\u00e9siter : vos retours nous aident \u00e0 progresser et \u00e0 mieux r\u00e9pondre \u00e0 vos attentes.<\/p>\n\n\n\n<hr class=\"wp-block-separator has-alpha-channel-opacity\"\/>\n\n\n\n<p>\ud83d\ude4f Merci de faire confiance \u00e0 <strong>cofre gamers<\/strong> !<br>Nous appr\u00e9cions votre int\u00e9r\u00eat et votre fid\u00e9lit\u00e9. Toute l\u2019\u00e9quipe est mobilis\u00e9e pour enrichir votre exp\u00e9rience de jeu et nous serons ravis d\u2019\u00e9changer bient\u00f4t avec vous.<\/p>\n","protected":false},"excerpt":{"rendered":"<p>Nous sommes \u00e0 votre \u00e9coute Chez cofre gamers, votre exp\u00e9rience passe avant tout. Vous avez une question, une remarque ou [&hellip;]<\/p>\n","protected":false},"author":1,"featured_media":0,"parent":0,"menu_order":0,"comment_status":"closed","ping_status":"closed","template":"","meta":{"_uag_custom_page_level_css":"","site-sidebar-layout":"default","site-content-layout":"","ast-site-content-layout":"default","site-content-style":"default","site-sidebar-style":"default","ast-global-header-display":"","ast-banner-title-visibility":"","ast-main-header-display":"","ast-hfb-above-header-display":"","ast-hfb-below-header-display":"","ast-hfb-mobile-header-display":"","site-post-title":"disabled","ast-breadcrumbs-content":"","ast-featured-img":"","footer-sml-layout":"","ast-disable-related-posts":"","theme-transparent-header-meta":"","adv-header-id-meta":"","stick-header-meta":"","header-above-stick-meta":"","header-main-stick-meta":"","header-below-stick-meta":"","astra-migrate-meta-layouts":"default","ast-page-background-enabled":"default","ast-page-background-meta":{"desktop":{"background-color":"var(--ast-global-color-4)","background-image":"","background-repeat":"repeat","background-position":"center center","background-size":"auto","background-attachment":"scroll","background-type":"","background-media":"","overlay-type":"","overlay-color":"","overlay-opacity":"","overlay-gradient":""},"tablet":{"background-color":"","background-image":"","background-repeat":"repeat","background-position":"center center","background-size":"auto","background-attachment":"scroll","background-type":"","background-media":"","overlay-type":"","overlay-color":"","overlay-opacity":"","overlay-gradient":""},"mobile":{"background-color":"","background-image":"","background-repeat":"repeat","background-position":"center center","background-size":"auto","background-attachment":"scroll","background-type":"","background-media":"","overlay-type":"","overlay-color":"","overlay-opacity":"","overlay-gradient":""}},"ast-content-background-meta":{"desktop":{"background-color":"var(--ast-global-color-5)","background-image":"","background-repeat":"repeat","background-position":"center center","background-size":"auto","background-attachment":"scroll","background-type":"","background-media":"","overlay-type":"","overlay-color":"","overlay-opacity":"","overlay-gradient":""},"tablet":{"background-color":"var(--ast-global-color-5)","background-image":"","background-repeat":"repeat","background-position":"center center","background-size":"auto","background-attachment":"scroll","background-type":"","background-media":"","overlay-type":"","overlay-color":"","overlay-opacity":"","overlay-gradient":""},"mobile":{"background-color":"var(--ast-global-color-5)","background-image":"","background-repeat":"repeat","background-position":"center center","background-size":"auto","background-attachment":"scroll","background-type":"","background-media":"","overlay-type":"","overlay-color":"","overlay-opacity":"","overlay-gradient":""}},"footnotes":""},"class_list":["post-222","page","type-page","status-publish","hentry"],"uagb_featured_image_src":{"full":false,"thumbnail":false,"medium":false,"medium_large":false,"large":false,"1536x1536":false,"2048x2048":false},"uagb_author_info":{"display_name":"amolanovbtc@gmail.com","author_link":"https:\/\/cofregamers.com\/fr\/author\/amolanovbtcgmail-com\/"},"uagb_comment_info":0,"uagb_excerpt":"Nous sommes \u00e0 votre \u00e9coute Chez cofre gamers, votre exp\u00e9rience passe avant tout. Vous avez une question, une remarque ou [&hellip;]","_links":{"self":[{"href":"https:\/\/cofregamers.com\/fr\/wp-json\/wp\/v2\/pages\/222","targetHints":{"allow":["GET"]}}],"collection":[{"href":"https:\/\/cofregamers.com\/fr\/wp-json\/wp\/v2\/pages"}],"about":[{"href":"https:\/\/cofregamers.com\/fr\/wp-json\/wp\/v2\/types\/page"}],"author":[{"embeddable":true,"href":"https:\/\/cofregamers.com\/fr\/wp-json\/wp\/v2\/users\/1"}],"replies":[{"embeddable":true,"href":"https:\/\/cofregamers.com\/fr\/wp-json\/wp\/v2\/comments?post=222"}],"version-history":[{"count":0,"href":"https:\/\/cofregamers.com\/fr\/wp-json\/wp\/v2\/pages\/222\/revisions"}],"wp:attachment":[{"href":"https:\/\/cofregamers.com\/fr\/wp-json\/wp\/v2\/media?parent=222"}],"curies":[{"name":"wp","href":"https:\/\/api.w.org\/{rel}","templated":true}]}}