{"id":144,"date":"2024-09-20T11:38:00","date_gmt":"2024-09-20T09:38:00","guid":{"rendered":"https:\/\/cofregamers.com\/jp\/?page_id=144"},"modified":"2025-11-03T20:45:13","modified_gmt":"2025-11-03T11:45:13","slug":"cofre-gamer-la-mejor-fuente-de-codigos-canjeables-gratis-para-videojuegos","status":"publish","type":"page","link":"https:\/\/cofregamers.com\/jp\/","title":{"rendered":"\u4ea4\u63db\u30b3\u30fc\u30c9\u30fb\u30ae\u30d5\u30c8\u30b3\u30fc\u30c9\u6700\u65b0\u307e\u3068\u3081\uff5ccofre gamerss\uff08\u30b3\u30d5\u30ec\u30b2\u30fc\u30de\u30fc\u30ba\uff09"},"content":{"rendered":"\n<div class=\"wp-block-uagb-container uagb-block-d4baae3f alignfull uagb-is-root-container\"><div class=\"uagb-container-inner-blocks-wrap\">\n<div class=\"wp-block-uagb-advanced-heading uagb-block-ab4f1243\"><h1 class=\"uagb-heading-text\">\u4ea4\u63db\u30b3\u30fc\u30c9\u30fb\u30ae\u30d5\u30c8\u30b3\u30fc\u30c9\u6700\u65b0\u307e\u3068\u3081\uff5ccofre gamerss\uff08\u30b3\u30d5\u30ec\u30b2\u30fc\u30de\u30fc\u30ba\uff09<\/h1><\/div>\n<\/div><\/div>\n\n\n\n<div class=\"wp-block-uagb-container uagb-block-37b25d43 alignfull uagb-is-root-container\"><div class=\"uagb-container-inner-blocks-wrap\">\n<div class=\"wp-block-uagb-container uagb-block-1c6d4efa\"><\/div>\n\n\n\n<div class=\"wp-block-uagb-container uagb-block-3ab5903f\">\n<div class=\"wp-block-uagb-image aligncenter uagb-block-2763bed9 wp-block-uagb-image--layout-default wp-block-uagb-image--effect-static wp-block-uagb-image--align-center\"><figure class=\"wp-block-uagb-image__figure\"><img decoding=\"async\" srcset=\"https:\/\/cofregamers.com\/jp\/wp-content\/uploads\/sites\/3\/2024\/03\/Cofre-Gamer-Com.webp ,https:\/\/cofregamers.com\/jp\/wp-content\/uploads\/2024\/03\/Cofre-Gamer-Com.webp 780w, https:\/\/cofregamers.com\/jp\/wp-content\/uploads\/2024\/03\/Cofre-Gamer-Com.webp 360w\" sizes=\"auto, (max-width: 480px) 150px\" src=\"https:\/\/cofregamers.com\/jp\/wp-content\/uploads\/sites\/3\/2024\/03\/Cofre-Gamer-Com.webp\" alt=\"\u4ea4\u63db\u30b3\u30fc\u30c9\u30fb\u30ae\u30d5\u30c8\u30b3\u30fc\u30c9\u6700\u65b0\u307e\u3068\u3081\uff5ccofre gamerss\uff08\u30b3\u30d5\u30ec\u30b2\u30fc\u30de\u30fc\u30ba\uff09\" class=\"uag-image-163\" width=\"600\" height=\"600\" title=\"\u4ea4\u63db\u30b3\u30fc\u30c9\u30fb\u30ae\u30d5\u30c8\u30b3\u30fc\u30c9\u6700\u65b0\u307e\u3068\u3081\uff5ccofre gamerss\uff08\u30b3\u30d5\u30ec\u30b2\u30fc\u30de\u30fc\u30ba\uff09\" loading=\"lazy\" role=\"img\"\/><\/figure><\/div>\n\n\n\n<p><strong>\u4eca\u65e5\u4f7f\u3048\u308b\u30b3\u30fc\u30c9\u3060\u3051\u3092\u63b2\u8f09<\/strong>\u3002\u516c\u5f0f\u30bd\u30fc\u30b9\u3092<strong>\u6bce\u65e5\u30c1\u30a7\u30c3\u30af\uff06\u691c\u8a3c\u6e08\u307f<\/strong>\u3060\u304b\u3089\u3001\u30e0\u30c0\u6253\u3061\u306a\u3057\u30fb\u5b89\u5168\u7b2c\u4e00\u3002\u539f\u795e\u3001\u30bc\u30f3\u30ec\u30b9\u30be\u30fc\u30f3\u30bc\u30ed\u3001Solo Leveling: Arise\u3001Zenless Zone Zero\u3001 Dc Dark Legion \u306a\u3069<strong>\u4e3b\u8981\u30bf\u30a4\u30c8\u30eb\u306e\u6709\u52b9\u30b3\u30fc\u30c9<\/strong>\u3092\u3001<strong>\u5831\u916c\u5185\u5bb9\u3064\u304d<\/strong>\u3067\u7d20\u65e9\u304f\u78ba\u8a8d\u3067\u304d\u307e\u3059\u3002<\/p>\n\n\n\n<h2 class=\"wp-block-heading\">\u4eca\u65e5\u306e\u6ce8\u76ee\u30b3\u30fc\u30c9\uff08\u30ed\u30fc\u30c6\u30fc\u30b7\u30e7\u30f3\uff09<\/h2>\n\n\n\n<p>\u672c\u65e5\u30b3\u30df\u30e5\u30cb\u30c6\u30a3\u3067\u8a71\u984c\uff06\u5831\u916c\u304c\u512a\u79c0\u306a\u30bf\u30a4\u30c8\u30eb\u3092\u30d4\u30c3\u30af\u30a2\u30c3\u30d7\u3002<strong>\u6700\u65b0\u30b3\u30fc\u30c9\uff0f\u6709\u52b9\u671f\u9650\u6ce8\u610f\uff0f\u5165\u624b\u96e3\u5ea6<\/strong>\u3092\u4e00\u76ee\u3067\u30c1\u30a7\u30c3\u30af\u3002<\/p>\n\n\n\n<ul class=\"wp-block-list\">\n<li>\u539f\u795e\uff08Genshin Impact\uff09<\/li>\n\n\n\n<li>\u30bc\u30f3\u30ec\u30b9\u30be\u30fc\u30f3\u30bc\u30ed\uff08Zenless Zone Zero\uff09<\/li>\n\n\n\n<li>Dc: Dark Legion<\/li>\n\n\n\n<li>Solo Leveling: Arise<\/li>\n\n\n\n<li>\u5d29\u58ca\uff1a\u30b9\u30bf\u30fc\u30ec\u30a4\u30eb\uff08Honkai: Star Rail\uff09 \u307b\u304b<\/li>\n<\/ul>\n\n\n\n<blockquote class=\"wp-block-quote is-layout-flow wp-block-quote-is-layout-flow\">\n<p><strong>\u30dd\u30ea\u30b7\u30fc<\/strong>\uff1a<strong>\u671f\u9650\u5207\u308c\u30b3\u30fc\u30c9\u306f\u63b2\u8f09\u3057\u307e\u305b\u3093<\/strong>\u3002\u4f7f\u3048\u306a\u304f\u306a\u3063\u305f\u3082\u306e\u306f\u5373\u6642\u975e\u8868\u793a\u306b\u3057\u307e\u3059\u3002<\/p>\n<\/blockquote>\n\n\n\n<h2 class=\"wp-block-heading\">\u4f7f\u3044\u65b9\uff08\u30b3\u30fc\u30c9\u306e\u5165\u529b\u65b9\u6cd5\uff09<\/h2>\n\n\n\n<p><strong>\u30b9\u30de\u30db\uff08Android \/ iOS\uff09<\/strong><br>\u591a\u304f\u306e\u30b2\u30fc\u30e0\u306f\u30a2\u30d7\u30ea\u5185\u306e\u300c\u30b3\u30fc\u30c9\u5165\u529b\u300d\u307e\u305f\u306f<strong>\u516c\u5f0f\u5f15\u304d\u63db\u3048\u30b5\u30a4\u30c8<\/strong>\u3067\u5bfe\u5fdc\u3002\u5404\u30b2\u30fc\u30e0\u306e\u30da\u30fc\u30b8\u306b<strong>\u6700\u77ed\u624b\u9806\u3068\u516c\u5f0f\u30ea\u30f3\u30af<\/strong>\u3092\u63b2\u8f09\u3057\u3066\u3044\u307e\u3059\u3002<strong>\u30d7\u30ec\u30a4\u30e4\u30fcID\u3084\u30a2\u30ab\u30a6\u30f3\u30c8\u9023\u643a\u304c\u5fc5\u8981\u306a\u5834\u5408\u306f\u4e8b\u524d\u306b\u660e\u8a18<\/strong>\u3057\u307e\u3059\u3002<\/p>\n\n\n\n<p><strong>PC \/ \u30b3\u30f3\u30bd\u30fc\u30eb\uff08Steam \/ Epic \/ PlayStation \/ Xbox \/ Nintendo \/ Switch\uff09<\/strong><br>\u30d7\u30e9\u30c3\u30c8\u30d5\u30a9\u30fc\u30e0\u306b\u3088\u308a<strong>\u30e9\u30f3\u30c1\u30e3\u30fc\u7d4c\u7531<\/strong>\u3084<strong>\u5916\u90e8\u30dd\u30fc\u30bf\u30eb<\/strong>\u3067\u306e\u5165\u529b\u304c\u5fc5\u8981\u3067\u3059\u3002\u4f5c\u54c1\u3054\u3068\u306e<strong>\u6b63\u898f\u30eb\u30fc\u30c8\u3068\u73fe\u5728\u306e\u624b\u9806<\/strong>\u3092\u63b2\u8f09\u3057\u3001\u4ed5\u69d8\u5909\u66f4\u304c\u3042\u308c\u3070<strong>\u5f53\u65e5\u4e2d\u306b\u66f4\u65b0<\/strong>\u3057\u307e\u3059\u3002<\/p>\n\n\n\n<blockquote class=\"wp-block-quote is-layout-flow wp-block-quote-is-layout-flow\">\n<p><strong>\u30ef\u30f3\u30dd\u30a4\u30f3\u30c8<\/strong>\uff1a\u5404\u30b3\u30fc\u30c9\u30ab\u30fc\u30c9\u306b\u306f**\u300c\u30b3\u30d4\u30fc\u300d\u30dc\u30bf\u30f3**\u3092\u7528\u610f\u3002\u305d\u306e\u307e\u307e\u8cbc\u308a\u4ed8\u3051\u3066\u5165\u529b\u3067\u304d\u307e\u3059\u3002<\/p>\n<\/blockquote>\n\n\n\n<h2 class=\"wp-block-heading\">\u6700\u65b0\u66f4\u65b0\uff08New\uff09<\/h2>\n\n\n\n\t\t\t<div class=\"wp-block-uagb-post-carousel uagb-post-grid  uagb-post__image-position-top uagb-post__image-enabled uagb-block-e936e940     uagb-post__arrow-outside uagb-slick-carousel uagb-post__items uagb-post__columns-2 is-carousel uagb-post__columns-tablet-2 uagb-post__columns-mobile-1 uagb-post__carousel_equal-height\" data-total=\"35\" style=\"\">\n\n\t\t\t\t\t\t\t\t\t\t\t\t<article class=\"uagb-post__inner-wrap\">\t\t\t\t\t\t\t\t<div class='uagb-post__image'>\n\t\t\t\t\t\t\t\t\t<a href=\"https:\/\/cofregamers.com\/jp\/brawlhalla%e3%81%ae%e3%82%b3%e3%83%bc%e3%83%89\/\" target=\"_self\" rel=\"bookmark noopener noreferrer\"><img loading=\"lazy\" decoding=\"async\" width=\"800\" height=\"450\" src=\"https:\/\/cofregamers.com\/jp\/wp-content\/uploads\/sites\/3\/2024\/03\/Transforma-Tu-Experiencia-en-Brawlhalla-con-Codigos-Esenciales.webp\" class=\"attachment-large size-large\" alt=\"\u00bfQuieres ser el rey de Brawlhalla ? \u00a1Descubre aqu\u00ed c\u00f3mo desbloquear skins exclusivas, monedas y m\u00e1s con c\u00f3digos canjeables recientes!\" srcset=\"https:\/\/cofregamers.com\/jp\/wp-content\/uploads\/sites\/3\/2024\/03\/Transforma-Tu-Experiencia-en-Brawlhalla-con-Codigos-Esenciales.webp 800w, https:\/\/cofregamers.com\/jp\/wp-content\/uploads\/sites\/3\/2024\/03\/Transforma-Tu-Experiencia-en-Brawlhalla-con-Codigos-Esenciales-300x169.webp 300w, https:\/\/cofregamers.com\/jp\/wp-content\/uploads\/sites\/3\/2024\/03\/Transforma-Tu-Experiencia-en-Brawlhalla-con-Codigos-Esenciales-768x432.webp 768w\" sizes=\"auto, (max-width: 800px) 100vw, 800px\" \/>\t\t\t\t\t<\/a>\n\t\t\t\t\t\t\t\t\t<\/div>\n\t\t\t\t\t\t<h4 class=\"uagb-post__title uagb-post__text\">\n\t\t\t\t<a href=\"https:\/\/cofregamers.com\/jp\/brawlhalla%e3%81%ae%e3%82%b3%e3%83%bc%e3%83%89\/\" target=\"_self\" rel=\"bookmark noopener noreferrer\">Brawlhalla \u306e\u30b3\u30fc\u30c9\u3067\u7121\u6599\u30b3\u30b9\u30e1\u3092\u624b\u306b\u2f0a\u308c\u308b\u30b3\u30c4\u3068\u4f53\u9a13\u8ac7<\/a>\n\t\t\t<\/h4>\n\t\t\t\t\t\t<div class='uagb-post__text uagb-post-grid-byline'>\n\t\t\t\t\t\t\t<\/div>\n\t\t\t\t\t\t<div class=\"uagb-post__text uagb-post__cta wp-block-button\">\n\t\t\t\t<a class=\"wp-block-button__link uagb-text-link\" style=\"\" href=\"https:\/\/cofregamers.com\/jp\/brawlhalla%e3%81%ae%e3%82%b3%e3%83%bc%e3%83%89\/\" target=\"_self\" rel=\"bookmark noopener noreferrer\">Read More<\/a>\n\t\t\t<\/div>\n\t\t\t\n\t\t\t\t\t\t\t\t\t<\/article>\n\t\t\t\t\t\t\t\t\t\t\t\t\t\t\t\t<article class=\"uagb-post__inner-wrap\">\t\t\t\t\t\t\t\t<div class='uagb-post__image'>\n\t\t\t\t\t\t\t\t\t<a href=\"https:\/\/cofregamers.com\/jp\/%e3%83%a9%e3%83%b3%e3%83%80%e3%83%a0-%e3%83%a9%e3%83%83%e3%82%b7%e3%83%a5%e3%81%ae%e3%82%b3%e3%83%bc%e3%83%89\/\" target=\"_self\" rel=\"bookmark noopener noreferrer\"><img loading=\"lazy\" decoding=\"async\" width=\"800\" height=\"450\" src=\"https:\/\/cofregamers.com\/jp\/wp-content\/uploads\/sites\/3\/2024\/03\/\u00a1Codigos-Secretos-de-Rush-Royale-Revelados.webp\" class=\"attachment-large size-large\" alt=\"\u00a1No pierdas la oportunidad! Consulta los c\u00f3digos canjeables m\u00e1s recientes de Rush Royale en cofregamers.com y desbloquea recompensas \u00fanicas.\" srcset=\"https:\/\/cofregamers.com\/jp\/wp-content\/uploads\/sites\/3\/2024\/03\/\u00a1Codigos-Secretos-de-Rush-Royale-Revelados.webp 800w, https:\/\/cofregamers.com\/jp\/wp-content\/uploads\/sites\/3\/2024\/03\/\u00a1Codigos-Secretos-de-Rush-Royale-Revelados-300x169.webp 300w, https:\/\/cofregamers.com\/jp\/wp-content\/uploads\/sites\/3\/2024\/03\/\u00a1Codigos-Secretos-de-Rush-Royale-Revelados-768x432.webp 768w\" sizes=\"auto, (max-width: 800px) 100vw, 800px\" \/>\t\t\t\t\t<\/a>\n\t\t\t\t\t\t\t\t\t<\/div>\n\t\t\t\t\t\t<h4 class=\"uagb-post__title uagb-post__text\">\n\t\t\t\t<a href=\"https:\/\/cofregamers.com\/jp\/%e3%83%a9%e3%83%b3%e3%83%80%e3%83%a0-%e3%83%a9%e3%83%83%e3%82%b7%e3%83%a5%e3%81%ae%e3%82%b3%e3%83%bc%e3%83%89\/\" target=\"_self\" rel=\"bookmark noopener noreferrer\">\u30e9\u30f3\u30c0\u30e0 \u30e9\u30c3\u30b7\u30e5 \u2014 \u30d7\u30ed\u30e2\u30b3\u30fc\u30c9\u306e\u4f7f\u3044\u65b9\u3068\u30b3\u30c4<\/a>\n\t\t\t<\/h4>\n\t\t\t\t\t\t<div class='uagb-post__text uagb-post-grid-byline'>\n\t\t\t\t\t\t\t<\/div>\n\t\t\t\t\t\t<div class=\"uagb-post__text uagb-post__cta wp-block-button\">\n\t\t\t\t<a class=\"wp-block-button__link uagb-text-link\" style=\"\" href=\"https:\/\/cofregamers.com\/jp\/%e3%83%a9%e3%83%b3%e3%83%80%e3%83%a0-%e3%83%a9%e3%83%83%e3%82%b7%e3%83%a5%e3%81%ae%e3%82%b3%e3%83%bc%e3%83%89\/\" target=\"_self\" rel=\"bookmark noopener noreferrer\">Read More<\/a>\n\t\t\t<\/div>\n\t\t\t\n\t\t\t\t\t\t\t\t\t<\/article>\n\t\t\t\t\t\t\t\t\t\t\t\t\t\t\t\t<article class=\"uagb-post__inner-wrap\">\t\t\t\t\t\t\t\t<div class='uagb-post__image'>\n\t\t\t\t\t\t\t\t\t<a href=\"https:\/\/cofregamers.com\/jp\/%e6%98%9f%e3%81%ab%e3%81%aa%e3%82%8c-%e3%83%b4%e3%82%a7%e3%83%bc%e3%83%80%e3%81%ae%e9%a8%8e%e5%a3%ab%e3%81%9f%e3%82%b3%e3%83%bc%e3%83%89%e3%81%ae%e4%bd%bf%e3%81%84%e6%96%b9%e3%81%a8%e6%b4%bb%e7%94%a8\/\" target=\"_self\" rel=\"bookmark noopener noreferrer\"><img loading=\"lazy\" decoding=\"async\" width=\"800\" height=\"450\" src=\"https:\/\/cofregamers.com\/jp\/wp-content\/uploads\/sites\/3\/2025\/07\/Astra_-Knights-of-Veda-Codes.webp\" class=\"attachment-large size-large\" alt=\"\u661f\u306b\u306a\u308c \u30f4\u30a7\u30fc\u30c0\u306e\u9a0e\u58eb\u305f\u30b3\u30fc\u30c9\u306e\u4f7f\u3044\u65b9\u3068\u6d3b\u7528\u6cd5\" srcset=\"https:\/\/cofregamers.com\/jp\/wp-content\/uploads\/sites\/3\/2025\/07\/Astra_-Knights-of-Veda-Codes.webp 800w, https:\/\/cofregamers.com\/jp\/wp-content\/uploads\/sites\/3\/2025\/07\/Astra_-Knights-of-Veda-Codes-300x169.webp 300w, https:\/\/cofregamers.com\/jp\/wp-content\/uploads\/sites\/3\/2025\/07\/Astra_-Knights-of-Veda-Codes-768x432.webp 768w\" sizes=\"auto, (max-width: 800px) 100vw, 800px\" \/>\t\t\t\t\t<\/a>\n\t\t\t\t\t\t\t\t\t<\/div>\n\t\t\t\t\t\t<h4 class=\"uagb-post__title uagb-post__text\">\n\t\t\t\t<a href=\"https:\/\/cofregamers.com\/jp\/%e6%98%9f%e3%81%ab%e3%81%aa%e3%82%8c-%e3%83%b4%e3%82%a7%e3%83%bc%e3%83%80%e3%81%ae%e9%a8%8e%e5%a3%ab%e3%81%9f%e3%82%b3%e3%83%bc%e3%83%89%e3%81%ae%e4%bd%bf%e3%81%84%e6%96%b9%e3%81%a8%e6%b4%bb%e7%94%a8\/\" target=\"_self\" rel=\"bookmark noopener noreferrer\">\u661f\u306b\u306a\u308c \u30f4\u30a7\u30fc\u30c0\u306e\u9a0e\u58eb\u305f\uff08Astra: Knights of Veda\uff09\u30b3\u30fc\u30c9\u306e\u4f7f\u3044\u65b9\u3068\u6d3b\u7528\u6cd5<\/a>\n\t\t\t<\/h4>\n\t\t\t\t\t\t<div class='uagb-post__text uagb-post-grid-byline'>\n\t\t\t\t\t\t\t<\/div>\n\t\t\t\t\t\t<div class=\"uagb-post__text uagb-post__cta wp-block-button\">\n\t\t\t\t<a class=\"wp-block-button__link uagb-text-link\" style=\"\" href=\"https:\/\/cofregamers.com\/jp\/%e6%98%9f%e3%81%ab%e3%81%aa%e3%82%8c-%e3%83%b4%e3%82%a7%e3%83%bc%e3%83%80%e3%81%ae%e9%a8%8e%e5%a3%ab%e3%81%9f%e3%82%b3%e3%83%bc%e3%83%89%e3%81%ae%e4%bd%bf%e3%81%84%e6%96%b9%e3%81%a8%e6%b4%bb%e7%94%a8\/\" target=\"_self\" rel=\"bookmark noopener noreferrer\">Read More<\/a>\n\t\t\t<\/div>\n\t\t\t\n\t\t\t\t\t\t\t\t\t<\/article>\n\t\t\t\t\t\t\t\t\t\t\t\t\t\t\t\t<article class=\"uagb-post__inner-wrap\">\t\t\t\t\t\t\t\t<div class='uagb-post__image'>\n\t\t\t\t\t\t\t\t\t<a href=\"https:\/\/cofregamers.com\/jp\/%e3%82%a4%e3%83%b3%e3%83%95%e3%82%a3%e3%83%8b%e3%83%86%e3%82%a3%e3%82%ad%e3%83%b3%e3%82%b0%e3%83%80%e3%83%a0%e3%82%b3%e3%83%bc%e3%83%89\/\" target=\"_self\" rel=\"bookmark noopener noreferrer\"><img loading=\"lazy\" decoding=\"async\" width=\"800\" height=\"450\" src=\"https:\/\/cofregamers.com\/jp\/wp-content\/uploads\/sites\/3\/2025\/09\/infinity-kingdom.webp\" class=\"attachment-large size-large\" alt=\"\u30a4\u30f3\u30d5\u30a3\u30cb\u30c6\u30a3\u30ad\u30f3\u30b0\u30c0\u30e0\uff1a\u30b3\u30fc\u30c9\u3067\u7121\u6599\u5831\u916c\u3092\u624b\u306b\u5165\u308c\u308b\u65b9\u6cd5\u3010\u5b8c\u5168\u30ac\u30a4\u30c9\u3011\" srcset=\"https:\/\/cofregamers.com\/jp\/wp-content\/uploads\/sites\/3\/2025\/09\/infinity-kingdom.webp 800w, https:\/\/cofregamers.com\/jp\/wp-content\/uploads\/sites\/3\/2025\/09\/infinity-kingdom-300x169.webp 300w, https:\/\/cofregamers.com\/jp\/wp-content\/uploads\/sites\/3\/2025\/09\/infinity-kingdom-768x432.webp 768w\" sizes=\"auto, (max-width: 800px) 100vw, 800px\" \/>\t\t\t\t\t<\/a>\n\t\t\t\t\t\t\t\t\t<\/div>\n\t\t\t\t\t\t<h4 class=\"uagb-post__title uagb-post__text\">\n\t\t\t\t<a href=\"https:\/\/cofregamers.com\/jp\/%e3%82%a4%e3%83%b3%e3%83%95%e3%82%a3%e3%83%8b%e3%83%86%e3%82%a3%e3%82%ad%e3%83%b3%e3%82%b0%e3%83%80%e3%83%a0%e3%82%b3%e3%83%bc%e3%83%89\/\" target=\"_self\" rel=\"bookmark noopener noreferrer\">\u30a4\u30f3\u30d5\u30a3\u30cb\u30c6\u30a3\u30ad\u30f3\u30b0\u30c0\u30e0\uff1a\u30b3\u30fc\u30c9\u3067\u7121\u6599\u5831\u916c\u3092\u624b\u306b\u5165\u308c\u308b\u65b9\u6cd5\u3010\u5b8c\u5168\u30ac\u30a4\u30c9\u3011<\/a>\n\t\t\t<\/h4>\n\t\t\t\t\t\t<div class='uagb-post__text uagb-post-grid-byline'>\n\t\t\t\t\t\t\t<\/div>\n\t\t\t\t\t\t<div class=\"uagb-post__text uagb-post__cta wp-block-button\">\n\t\t\t\t<a class=\"wp-block-button__link uagb-text-link\" style=\"\" href=\"https:\/\/cofregamers.com\/jp\/%e3%82%a4%e3%83%b3%e3%83%95%e3%82%a3%e3%83%8b%e3%83%86%e3%82%a3%e3%82%ad%e3%83%b3%e3%82%b0%e3%83%80%e3%83%a0%e3%82%b3%e3%83%bc%e3%83%89\/\" target=\"_self\" rel=\"bookmark noopener noreferrer\">Read More<\/a>\n\t\t\t<\/div>\n\t\t\t\n\t\t\t\t\t\t\t\t\t<\/article>\n\t\t\t\t\t\t\t\t\t\t\t<\/div>\n\t\t\t\n\n\n<p>\u65b0\u898f\u30b3\u30fc\u30c9\u3092<strong>\u5373\u6642\u8ffd\u52a0<\/strong>\u3002<strong>NEW\u30e9\u30d9\u30eb<\/strong>\u3068\u3068\u3082\u306b\u3001<strong>\u5831\u916c\uff08\u30b8\u30a7\u30e0\uff0f\u30ac\u30c1\u30e3\u5238\uff0f\u30b9\u30ad\u30f3\uff0f\u30b3\u30a4\u30f3\uff0f\u7d20\u6750 \u306a\u3069\uff09\u3092\u65e5\u672c\u8a9e\u3067\u308f\u304b\u308a\u3084\u3059\u304f\u8868\u8a18<\/strong>\u3057\u307e\u3059\u3002<br>\u203b<strong>\u5730\u57df\u30fb\u30b5\u30fc\u30d0\u30fc\u5225\uff08Global\/SEA\/NA\/EU\uff09\u3067\u6319\u52d5\u304c\u7570\u306a\u308b\u5834\u5408\u306f\u6ce8\u610f\u66f8\u304d<\/strong>\u3092\u5165\u308c\u307e\u3059\u3002<\/p>\n\n\n\n<h2 class=\"wp-block-heading\">\u5831\u916c\u30ac\u30a4\u30c9\uff08\u4f55\u304c\u3082\u3089\u3048\u308b\uff1f\uff09<\/h2>\n\n\n\n<ul class=\"wp-block-list\">\n<li><strong>\u901a\u8ca8\u30fb\u30b8\u30a7\u30e0<\/strong>\uff1a\u30ac\u30c1\u30e3\u30fb\u80b2\u6210\u306e\u52a0\u901f\u306b\u6700\u9069<\/li>\n\n\n\n<li><strong>\u30ac\u30c1\u30e3\u5238\uff0f\u30c1\u30b1\u30c3\u30c8<\/strong>\uff1a\u30d4\u30c3\u30af\u30a2\u30c3\u30d7\u671f\u9593\u306b\u304a\u3059\u3059\u3081<\/li>\n\n\n\n<li><strong>\u30b9\u30ad\u30f3\uff0f\u88c5\u98fe<\/strong>\uff1a\u9650\u5b9a\u5916\u89b3\u3084\u30d7\u30ed\u30d5\u30a3\u30fc\u30eb\u5411\u3051<\/li>\n\n\n\n<li><strong>\u7d20\u6750\uff0f\u30d6\u30fc\u30b9\u30c8<\/strong>\uff1a\u5e8f\u76e4\uff5e\u4e2d\u76e4\u306e\u6642\u77ed\u306b\u6709\u52b9<\/li>\n\n\n\n<li><strong>\u914d\u5e03\u6761\u4ef6<\/strong>\uff1a<strong>1\u30a2\u30ab\u30a6\u30f3\u30c81\u56de<\/strong>\u30fb<strong>\u671f\u9593\u9650\u5b9a<\/strong>\u30fb<strong>\u5fa9\u5e30\u8005\u9650\u5b9a<\/strong>\u306a\u3069\u306f<strong>\u76ee\u7acb\u3064\u5f62\u3067\u660e\u8a18<\/strong><\/li>\n<\/ul>\n\n\n\n<h2 class=\"wp-block-heading\">\u30bb\u30ad\u30e5\u30ea\u30c6\u30a3\u6ce8\u610f\uff08\u5b89\u5168\u7b2c\u4e00\uff09<\/h2>\n\n\n\n<p><strong>\u300c\u30b3\u30fc\u30c9\u81ea\u52d5\u751f\u6210\u30c4\u30fc\u30eb\u300d\u3084\u975e\u516c\u5f0f\u914d\u5e03\u30b5\u30a4\u30c8\u306f\u5371\u967a<\/strong>\u3067\u3059\u3002<strong>\u30a2\u30ab\u30a6\u30f3\u30c8\u505c\u6b62\u3084\u9032\u884c\u30c7\u30fc\u30bf\u6d88\u5931<\/strong>\u306e\u30ea\u30b9\u30af\u304c\u3042\u308b\u305f\u3081\u5229\u7528\u3057\u306a\u3044\u3067\u304f\u3060\u3055\u3044\u3002cofre gamerss \u306f<strong>\u516c\u5f0f\u544a\u77e5\u30fb\u8a8d\u8a3c\u6e08\u307fSNS\u30fb\u6b63\u898f\u30dd\u30fc\u30bf\u30eb\u306e\u307f\u3092\u6bce\u65e5\u691c\u8a3c<\/strong>\u3057\u3001<strong>\u4fe1\u983c\u3067\u304d\u308b\u60c5\u5831\u3060\u3051<\/strong>\u3092\u63b2\u8f09\u3057\u307e\u3059\u3002<\/p>\n\n\n\n<h2 class=\"wp-block-heading\">\u307e\u3068\u3081<\/h2>\n\n\n\n<ul class=\"wp-block-list\">\n<li><strong>\u516c\u5f0f\u691c\u8a3c\u6e08\u307f\u306e\u6709\u52b9\u30b3\u30fc\u30c9\u306e\u307f<\/strong>\u3092\u6bce\u65e5\u66f4\u65b0<\/li>\n\n\n\n<li><strong>\u5831\u916c\u5185\u5bb9\u3092\u65e5\u672c\u8a9e\u3067\u660e\u8a18<\/strong>\u3001<strong>\u671f\u9650\u30fb\u6761\u4ef6\u3082\u308f\u304b\u308b<\/strong><\/li>\n\n\n\n<li><strong>\u5165\u529b\u624b\u9806\uff06\u516c\u5f0f\u30ea\u30f3\u30af<\/strong>\u3067<strong>\u6700\u77ed\u30eb\u30fc\u30c8<\/strong>\u3092\u6848\u5185<br>cofre gamerss \u306a\u3089\u3001<strong>\u30e0\u30c0\u6253\u3061\u30bc\u30ed\u3067\u304a\u5f97\u306b\u9032\u884c<\/strong>\u3067\u304d\u307e\u3059\u3002<\/li>\n<\/ul>\n\n\n\n<h3 class=\"wp-block-heading\">\u5185\u90e8\u30ea\u30f3\u30af\uff08\u30b5\u30a4\u30c8\u904b\u7528\u5411\u3051\u30fb\u8868\u793a\u306f\u4efb\u610f\uff09<\/h3>\n\n\n\n<ul class=\"wp-block-list\">\n<li>\u4ea4\u63db\u30b3\u30fc\u30c9\u4e00\u89a7\uff08A\u2192Z\uff09<\/li>\n\n\n\n<li>\u4eca\u65e5\u8ffd\u52a0\u3055\u308c\u305f\u30b3\u30fc\u30c9<\/li>\n\n\n\n<li>\u5831\u916c\u5225\u306b\u63a2\u3059\uff08\u30ac\u30c1\u30e3\u5238\uff0f\u30b8\u30a7\u30e0\uff0f\u30b9\u30ad\u30f3\uff09<\/li>\n\n\n\n<li>\u30d7\u30e9\u30c3\u30c8\u30d5\u30a9\u30fc\u30e0\u5225\u30ac\u30a4\u30c9\uff08iOS\/Android\/PC\/\u30b3\u30f3\u30bd\u30fc\u30eb\uff09<\/li>\n<\/ul>\n<\/div>\n\n\n\n<div class=\"wp-block-uagb-container uagb-block-67b054ea\"><\/div>\n<\/div><\/div>\n","protected":false},"excerpt":{"rendered":"<p>\u4ea4\u63db\u30b3\u30fc\u30c9\u30fb\u30ae\u30d5\u30c8\u30b3\u30fc\u30c9\u6700\u65b0\u307e\u3068\u3081\uff5cco [&hellip;]<\/p>\n","protected":false},"author":1,"featured_media":163,"parent":0,"menu_order":0,"comment_status":"closed","ping_status":"closed","template":"","meta":{"_uag_custom_page_level_css":"","site-sidebar-layout":"default","site-content-layout":"","ast-site-content-layout":"default","site-content-style":"default","site-sidebar-style":"default","ast-global-header-display":"","ast-banner-title-visibility":"","ast-main-header-display":"","ast-hfb-above-header-display":"","ast-hfb-below-header-display":"","ast-hfb-mobile-header-display":"","site-post-title":"disabled","ast-breadcrumbs-content":"","ast-featured-img":"disabled","footer-sml-layout":"","ast-disable-related-posts":"","theme-transparent-header-meta":"","adv-header-id-meta":"","stick-header-meta":"","header-above-stick-meta":"","header-main-stick-meta":"","header-below-stick-meta":"","astra-migrate-meta-layouts":"default","ast-page-background-enabled":"default","ast-page-background-meta":{"desktop":{"background-color":"var(--ast-global-color-4)","background-image":"","background-repeat":"repeat","background-position":"center center","background-size":"auto","background-attachment":"scroll","background-type":"","background-media":"","overlay-type":"","overlay-color":"","overlay-opacity":"","overlay-gradient":""},"tablet":{"background-color":"","background-image":"","background-repeat":"repeat","background-position":"center center","background-size":"auto","background-attachment":"scroll","background-type":"","background-media":"","overlay-type":"","overlay-color":"","overlay-opacity":"","overlay-gradient":""},"mobile":{"background-color":"","background-image":"","background-repeat":"repeat","background-position":"center center","background-size":"auto","background-attachment":"scroll","background-type":"","background-media":"","overlay-type":"","overlay-color":"","overlay-opacity":"","overlay-gradient":""}},"ast-content-background-meta":{"desktop":{"background-color":"var(--ast-global-color-5)","background-image":"","background-repeat":"repeat","background-position":"center center","background-size":"auto","background-attachment":"scroll","background-type":"","background-media":"","overlay-type":"","overlay-color":"","overlay-opacity":"","overlay-gradient":""},"tablet":{"background-color":"var(--ast-global-color-5)","background-image":"","background-repeat":"repeat","background-position":"center center","background-size":"auto","background-attachment":"scroll","background-type":"","background-media":"","overlay-type":"","overlay-color":"","overlay-opacity":"","overlay-gradient":""},"mobile":{"background-color":"var(--ast-global-color-5)","background-image":"","background-repeat":"repeat","background-position":"center center","background-size":"auto","background-attachment":"scroll","background-type":"","background-media":"","overlay-type":"","overlay-color":"","overlay-opacity":"","overlay-gradient":""}},"footnotes":""},"class_list":["post-144","page","type-page","status-publish","has-post-thumbnail","hentry"],"uagb_featured_image_src":{"full":["https:\/\/cofregamers.com\/jp\/wp-content\/uploads\/sites\/3\/2024\/03\/Cofre-Gamer-Com.webp",600,600,false],"thumbnail":["https:\/\/cofregamers.com\/jp\/wp-content\/uploads\/sites\/3\/2024\/03\/Cofre-Gamer-Com-150x150.webp",150,150,true],"medium":["https:\/\/cofregamers.com\/jp\/wp-content\/uploads\/sites\/3\/2024\/03\/Cofre-Gamer-Com-300x300.webp",300,300,true],"medium_large":["https:\/\/cofregamers.com\/jp\/wp-content\/uploads\/sites\/3\/2024\/03\/Cofre-Gamer-Com.webp",600,600,false],"large":["https:\/\/cofregamers.com\/jp\/wp-content\/uploads\/sites\/3\/2024\/03\/Cofre-Gamer-Com.webp",600,600,false],"1536x1536":["https:\/\/cofregamers.com\/jp\/wp-content\/uploads\/sites\/3\/2024\/03\/Cofre-Gamer-Com.webp",600,600,false],"2048x2048":["https:\/\/cofregamers.com\/jp\/wp-content\/uploads\/sites\/3\/2024\/03\/Cofre-Gamer-Com.webp",600,600,false]},"uagb_author_info":{"display_name":"amolanovbtc@gmail.com","author_link":"https:\/\/cofregamers.com\/jp\/author\/amolanovbtcgmail-com\/"},"uagb_comment_info":0,"uagb_excerpt":"\u4ea4\u63db\u30b3\u30fc\u30c9\u30fb\u30ae\u30d5\u30c8\u30b3\u30fc\u30c9\u6700\u65b0\u307e\u3068\u3081\uff5cco [&hellip;]","_links":{"self":[{"href":"https:\/\/cofregamers.com\/jp\/wp-json\/wp\/v2\/pages\/144","targetHints":{"allow":["GET"]}}],"collection":[{"href":"https:\/\/cofregamers.com\/jp\/wp-json\/wp\/v2\/pages"}],"about":[{"href":"https:\/\/cofregamers.com\/jp\/wp-json\/wp\/v2\/types\/page"}],"author":[{"embeddable":true,"href":"https:\/\/cofregamers.com\/jp\/wp-json\/wp\/v2\/users\/1"}],"replies":[{"embeddable":true,"href":"https:\/\/cofregamers.com\/jp\/wp-json\/wp\/v2\/comments?post=144"}],"version-history":[{"count":0,"href":"https:\/\/cofregamers.com\/jp\/wp-json\/wp\/v2\/pages\/144\/revisions"}],"wp:featuredmedia":[{"embeddable":true,"href":"https:\/\/cofregamers.com\/jp\/wp-json\/wp\/v2\/media\/163"}],"wp:attachment":[{"href":"https:\/\/cofregamers.com\/jp\/wp-json\/wp\/v2\/media?parent=144"}],"curies":[{"name":"wp","href":"https:\/\/api.w.org\/{rel}","templated":true}]}}